{"id":458,"date":"2024-06-07T23:01:03","date_gmt":"2024-06-07T23:01:03","guid":{"rendered":"https:\/\/civileambientale.ing.uniroma2.it\/?page_id=458"},"modified":"2025-06-12T17:21:38","modified_gmt":"2025-06-12T17:21:38","slug":"competenze","status":"publish","type":"page","link":"https:\/\/civileambientale.ing.uniroma2.it\/?page_id=458","title":{"rendered":"Conoscenze e competenze acquisite"},"content":{"rendered":"\n<p>Al termine del percorso di studi, i laureati in ingegneria civile e ambientale dovranno dimostrare di avere acquisito una buona conoscenza degli aspetti metodologici-operativi di materie che permettano loro di comprendere e analizzare alcuni problemi fondamentali dell\u2019ingegneria.<br>In particolare, tale formazione verte a fornire conoscenze approfondite su materie delle scienze di base che permettano ai laureati di sviluppare capacit\u00e0 di comprensione dei metodi matematici e dei fenomeni fisici e chimici fondamentali per lo studio delle discipline ingegneristiche.<br>La formazione dei laureati \u00e8 completata mediante l\u2019acquisizione di conoscenze approfondite e di capacit\u00e0 di comprensione dei metodi e delle applicazioni delle scienze di base e delle tecnologie realizzative applicabili nel campo sia dell\u2019ingegneria civile che dell&#8217;ingegneria per l&#8217;ambiente e il territorio.<br>In particolare, tale percorso formativo \u00e8 finalizzato a fornire conoscenze per comprendere e analizzare il comportamento meccanico dei fluidi, dei solidi, dei terreni, delle strutture, delle reti infrastrutturali e di trasporto, oltrech\u00e9 del comportamento dei materiali e dei sistemi naturali. Le discipline scientifiche specifiche del corso di laurea sono volte a fornire ai laureati conoscenze di base relative alla progettazione e gestione di strutture, infrastrutture e di interventi per la protezione e il risanamento delle matrici ambientali, e per il rilevamento e monitoraggio dell\u2019ambiente e del territorio.<br>Le conoscenze e le capacit\u00e0 di comprensione vengono acquisite dagli studenti attraverso lezioni frontali ed esercitazioni in aula. In alcuni insegnamenti sono previste attivit\u00e0 condotte in modo autonomo da ciascuno studente o da gruppi di studenti che possono includere elaborati progettuali e ricerche bibliografiche, secondo le modalit\u00e0 indicate dai docenti. L&#8217;accertamento delle conoscenze e della capacit\u00e0 di comprensione avviene tramite esami scritti e orali, che possono comprendere test a risposte multiple o aperte, esercizi, quesiti relativi ad aspetti teorici e la discussione dei risultati delle attivit\u00e0 autonome o di gruppo. Si richiede, inoltre, la capacit\u00e0 di integrare le conoscenze acquisite in diversi insegnamenti e la capacit\u00e0 di valutazione critica.<\/p>\n\n\n\n<p>Il percorso formativo del corso di studio di ingegneria civile e ambientale prevede una fase iniziale di formazione su materie di base che permettono di  applicare la conoscenza e la comprensione all&#8217;analisi e alla modellazione di problemi ingegneristici, utilizzando consapevolmente metodi matematici e leggi che governano i fenomeni fisici e chimici.<br>Tramite questo percorso formativo, i laureati in ingegneria civile e ambientale acquisiranno la conoscenza di strutture e infrastrutture, di impianti e servizi e di fenomeni e processi di origine naturale e antropica e svilupperanno la capacit\u00e0 di applicare le conoscenze acquisite in modo da poter operare scelte, definire i necessari interventi, processi, macchine e impianti inerenti.<br>Gli insegnamenti ingegneristici specifici forniranno ai laureati gli strumenti scientifici di base da applicare in diversi contesti e una formazione di base sugli aspetti tecnici da considerare.<br>La capacit\u00e0 di applicare conoscenze e comprensione sono acquisite dallo studente tramite lo sviluppo di esercizi guidati e di semplici progetti che richiedono l&#8217;uso dei modelli e delle metodologie illustrate durante le lezioni.<br>Le verifiche vengono effettuate mediante esami scritti e orali che prevedono quesiti relativi ad aspetti teorici, ad esercizi di calcolo, ad elaborati progettuali, o alla presentazione e discussione di brevi relazioni su specifici argomenti.<\/p>\n","protected":false},"excerpt":{"rendered":"<p>Al termine del percorso di studi, i laureati in ingegneria civile e ambientale dovranno dimostrare di avere acquisito una buona conoscenza degli aspetti metodologici-operativi di materie che permettano loro di comprendere e analizzare alcuni problemi fondamentali dell\u2019ingegneria.In particolare, tale formazione<\/p>\n","protected":false},"author":2,"featured_media":0,"parent":0,"menu_order":0,"comment_status":"closed","ping_status":"closed","template":"","meta":{"footnotes":""},"class_list":["post-458","page","type-page","status-publish","hentry"],"_links":{"self":[{"href":"https:\/\/civileambientale.ing.uniroma2.it\/index.php?rest_route=\/wp\/v2\/pages\/458","targetHints":{"allow":["GET"]}}],"collection":[{"href":"https:\/\/civileambientale.ing.uniroma2.it\/index.php?rest_route=\/wp\/v2\/pages"}],"about":[{"href":"https:\/\/civileambientale.ing.uniroma2.it\/index.php?rest_route=\/wp\/v2\/types\/page"}],"author":[{"embeddable":true,"href":"https:\/\/civileambientale.ing.uniroma2.it\/index.php?rest_route=\/wp\/v2\/users\/2"}],"replies":[{"embeddable":true,"href":"https:\/\/civileambientale.ing.uniroma2.it\/index.php?rest_route=%2Fwp%2Fv2%2Fcomments&post=458"}],"version-history":[{"count":2,"href":"https:\/\/civileambientale.ing.uniroma2.it\/index.php?rest_route=\/wp\/v2\/pages\/458\/revisions"}],"predecessor-version":[{"id":649,"href":"https:\/\/civileambientale.ing.uniroma2.it\/index.php?rest_route=\/wp\/v2\/pages\/458\/revisions\/649"}],"wp:attachment":[{"href":"https:\/\/civileambientale.ing.uniroma2.it\/index.php?rest_route=%2Fwp%2Fv2%2Fmedia&parent=458"}],"curies":[{"name":"wp","href":"https:\/\/api.w.org\/{rel}","templated":true}]}}